{"id":40033,"date":"2023-12-19T15:38:17","date_gmt":"2023-12-19T15:38:17","guid":{"rendered":"https:\/\/eco-international.eu\/?page_id=40033"},"modified":"2023-12-24T13:19:17","modified_gmt":"2023-12-24T13:19:17","slug":"lagerfeuer-2","status":"publish","type":"page","link":"https:\/\/eco-international.eu\/?page_id=40033","title":{"rendered":"Lagerfeuer"},"content":{"rendered":"\t\t<div data-elementor-type=\"wp-page\" data-elementor-id=\"40033\" class=\"elementor elementor-40033\" data-elementor-post-type=\"page\">\n\t\t\t\t\t\t<header class=\"elementor-section elementor-top-section elementor-element elementor-element-fd5b849 elementor-section-content-middle elementor-section-full_width elementor-section-height-min-height elementor-section-height-default elementor-section-items-middle\" data-id=\"fd5b849\" data-element_type=\"section\" data-e-type=\"section\" data-settings=\"{&quot;background_background&quot;:&quot;classic&quot;}\">\n\t\t\t\t\t\t<div class=\"elementor-container elementor-column-gap-no\">\n\t\t\t\t\t<div class=\"elementor-column elementor-col-100 elementor-top-column elementor-element elementor-element-6fdafc12\" data-id=\"6fdafc12\" data-element_type=\"column\" data-e-type=\"column\">\n\t\t\t<div class=\"elementor-widget-wrap elementor-element-populated\">\n\t\t\t\t\t\t<div class=\"elementor-element elementor-element-5a59ba60 elementor-widget elementor-widget-heading\" data-id=\"5a59ba60\" data-element_type=\"widget\" data-e-type=\"widget\" data-widget_type=\"heading.default\">\n\t\t\t\t<div class=\"elementor-widget-container\">\n\t\t\t\t\t<h2 class=\"elementor-heading-title elementor-size-default\">Wie w\u00e4re es mit einem Lagerfeuermeeting?<\/h2>\t\t\t\t<\/div>\n\t\t\t\t<\/div>\n\t\t\t\t<div class=\"elementor-element elementor-element-9d4ddf2 elementor-view-default elementor-widget elementor-widget-icon\" data-id=\"9d4ddf2\" data-element_type=\"widget\" data-e-type=\"widget\" data-widget_type=\"icon.default\">\n\t\t\t\t<div class=\"elementor-widget-container\">\n\t\t\t\t\t\t\t<div class=\"elementor-icon-wrapper\">\n\t\t\t<a class=\"elementor-icon\" href=\"#elementor-action%3Aaction%3Dpopup%3Aopen%26settings%3DeyJpZCI6IjQwNzE0IiwidG9nZ2xlIjpmYWxzZX0%3D\">\n\t\t\t<i aria-hidden=\"true\" class=\"fas fa-bars\"><\/i>\t\t\t<\/a>\n\t\t<\/div>\n\t\t\t\t\t\t<\/div>\n\t\t\t\t<\/div>\n\t\t\t\t\t<\/div>\n\t\t<\/div>\n\t\t\t\t\t<\/div>\n\t\t<\/header>\n\t\t\t\t<section class=\"elementor-section elementor-top-section elementor-element elementor-element-0eae852 elementor-section-boxed elementor-section-height-default elementor-section-height-default\" data-id=\"0eae852\" data-element_type=\"section\" data-e-type=\"section\">\n\t\t\t\t\t\t<div class=\"elementor-container elementor-column-gap-default\">\n\t\t\t\t\t<div class=\"elementor-column elementor-col-100 elementor-top-column elementor-element elementor-element-06f4f01\" data-id=\"06f4f01\" data-element_type=\"column\" data-e-type=\"column\">\n\t\t\t<div class=\"elementor-widget-wrap elementor-element-populated\">\n\t\t\t\t\t\t<div class=\"elementor-element elementor-element-077099d elementor-widget elementor-widget-spacer\" data-id=\"077099d\" data-element_type=\"widget\" data-e-type=\"widget\" data-widget_type=\"spacer.default\">\n\t\t\t\t<div class=\"elementor-widget-container\">\n\t\t\t\t\t\t\t<div class=\"elementor-spacer\">\n\t\t\t<div class=\"elementor-spacer-inner\"><\/div>\n\t\t<\/div>\n\t\t\t\t\t\t<\/div>\n\t\t\t\t<\/div>\n\t\t\t\t<div class=\"elementor-element elementor-element-c265824 elementor-widget elementor-widget-heading\" data-id=\"c265824\" data-element_type=\"widget\" data-e-type=\"widget\" data-widget_type=\"heading.default\">\n\t\t\t\t<div class=\"elementor-widget-container\">\n\t\t\t\t\t<h2 class=\"elementor-heading-title elementor-size-default\">Die wirkliche Entdeckungsreise besteht nicht darin, neue Landschaften zu erforschen, sondern darin, alles mit neuen Augen zu sehen \n                                                                            <\/h2>\t\t\t\t<\/div>\n\t\t\t\t<\/div>\n\t\t\t\t<div class=\"elementor-element elementor-element-c6023cd elementor-widget elementor-widget-text-editor\" data-id=\"c6023cd\" data-element_type=\"widget\" data-e-type=\"widget\" data-widget_type=\"text-editor.default\">\n\t\t\t\t<div class=\"elementor-widget-container\">\n\t\t\t\t\t\t\t\t\t<p>Marcel Proust<\/p>\t\t\t\t\t\t\t\t<\/div>\n\t\t\t\t<\/div>\n\t\t\t\t\t<\/div>\n\t\t<\/div>\n\t\t\t\t\t<\/div>\n\t\t<\/section>\n\t\t\t\t<section class=\"elementor-section elementor-top-section elementor-element elementor-element-fceb84c elementor-section-boxed elementor-section-height-default elementor-section-height-default\" data-id=\"fceb84c\" data-element_type=\"section\" data-e-type=\"section\">\n\t\t\t\t\t\t<div class=\"elementor-container elementor-column-gap-default\">\n\t\t\t\t\t<div class=\"elementor-column elementor-col-16 elementor-top-column elementor-element elementor-element-4f27072\" data-id=\"4f27072\" data-element_type=\"column\" data-e-type=\"column\">\n\t\t\t<div class=\"elementor-widget-wrap\">\n\t\t\t\t\t\t\t<\/div>\n\t\t<\/div>\n\t\t\t\t<div class=\"elementor-column elementor-col-66 elementor-top-column elementor-element elementor-element-b8cf2c7\" data-id=\"b8cf2c7\" data-element_type=\"column\" data-e-type=\"column\">\n\t\t\t<div class=\"elementor-widget-wrap elementor-element-populated\">\n\t\t\t\t\t\t<div class=\"elementor-element elementor-element-df4f0df elementor-widget elementor-widget-image\" data-id=\"df4f0df\" data-element_type=\"widget\" data-e-type=\"widget\" data-widget_type=\"image.default\">\n\t\t\t\t<div class=\"elementor-widget-container\">\n\t\t\t\t\t\t\t\t\t\t\t\t\t\t\t<img fetchpriority=\"high\" decoding=\"async\" width=\"800\" height=\"602\" src=\"https:\/\/eco-international.eu\/wp-content\/uploads\/2016\/12\/pexels-photo-93858-e1482414818978-1024x770.jpg\" class=\"attachment-large size-large wp-image-21246\" alt=\"\" srcset=\"https:\/\/eco-international.eu\/wp-content\/uploads\/2016\/12\/pexels-photo-93858-e1482414818978-1024x770.jpg 1024w, https:\/\/eco-international.eu\/wp-content\/uploads\/2016\/12\/pexels-photo-93858-e1482414818978-300x226.jpg 300w, https:\/\/eco-international.eu\/wp-content\/uploads\/2016\/12\/pexels-photo-93858-e1482414818978-768x578.jpg 768w, https:\/\/eco-international.eu\/wp-content\/uploads\/2016\/12\/pexels-photo-93858-e1482414818978.jpg 1276w\" sizes=\"(max-width: 800px) 100vw, 800px\" \/>\t\t\t\t\t\t\t\t\t\t\t\t\t\t\t<\/div>\n\t\t\t\t<\/div>\n\t\t\t\t\t<\/div>\n\t\t<\/div>\n\t\t\t\t<div class=\"elementor-column elementor-col-16 elementor-top-column elementor-element elementor-element-91fff3b\" data-id=\"91fff3b\" data-element_type=\"column\" data-e-type=\"column\">\n\t\t\t<div class=\"elementor-widget-wrap\">\n\t\t\t\t\t\t\t<\/div>\n\t\t<\/div>\n\t\t\t\t\t<\/div>\n\t\t<\/section>\n\t\t\t\t<section class=\"elementor-section elementor-top-section elementor-element elementor-element-386a0cfc elementor-section-boxed elementor-section-height-default elementor-section-height-default\" data-id=\"386a0cfc\" data-element_type=\"section\" data-e-type=\"section\">\n\t\t\t\t\t\t<div class=\"elementor-container elementor-column-gap-default\">\n\t\t\t\t\t<div class=\"elementor-column elementor-col-33 elementor-top-column elementor-element elementor-element-c864e1f\" data-id=\"c864e1f\" data-element_type=\"column\" data-e-type=\"column\">\n\t\t\t<div class=\"elementor-widget-wrap\">\n\t\t\t\t\t\t\t<\/div>\n\t\t<\/div>\n\t\t\t\t<div class=\"elementor-column elementor-col-33 elementor-top-column elementor-element elementor-element-69aa7ffa\" data-id=\"69aa7ffa\" data-element_type=\"column\" data-e-type=\"column\">\n\t\t\t<div class=\"elementor-widget-wrap elementor-element-populated\">\n\t\t\t\t\t\t<div class=\"elementor-element elementor-element-1d0084e elementor-widget__width-initial elementor-widget elementor-widget-text-editor\" data-id=\"1d0084e\" data-element_type=\"widget\" data-e-type=\"widget\" data-widget_type=\"text-editor.default\">\n\t\t\t\t<div class=\"elementor-widget-container\">\n\t\t\t\t\t\t\t\t\t<p>In unserer vernetzten Wissensgesellschaft ist <strong>kooperatives Arbeiten<\/strong> kein Soft Skill mehr, sondern alternativlos. Wir brauchen dringend Momente des Innehaltens, <strong>neue Formen des Austauschs<\/strong>, neue Formen des Positionierens <strong>jenseits<\/strong> von <strong>wirtschaftlichen Kennzahlen.<\/strong><\/p><p>Es braucht eine neue Qualit\u00e4t von Austausch, \u00a0um Gemeinsamkeit, Verbindung und Vertrauen zu <strong>sp\u00fcren:<\/strong> das <strong>Lagerfeuermeeting<\/strong>. Zusammen sitzen, geerdet, mit <strong>Achtung<\/strong> und <strong>Respekt<\/strong> f\u00fcr einander, f\u00fcr <strong>unterschiedliche<\/strong> individuelle <strong>Erfahrungen<\/strong>. Und ebenso im Einklang und in Verbindung mit unserem kollektiven, tief <strong>verankerten Wissen<\/strong> und diese Verbindung auch sp\u00fcren k\u00f6nnen. <img decoding=\"async\" class=\" wp-image-39147 alignleft\" src=\"http:\/\/eco-international.eu\/wp-content\/uploads\/2023\/11\/lagerfeuer-3.jpg\" alt=\"\" width=\"193\" height=\"128\" srcset=\"https:\/\/eco-international.eu\/wp-content\/uploads\/2023\/11\/lagerfeuer-3.jpg 526w, https:\/\/eco-international.eu\/wp-content\/uploads\/2023\/11\/lagerfeuer-3-300x200.jpg 300w\" sizes=\"(max-width: 193px) 100vw, 193px\" \/>Es geht eben nicht nur um das Neue, das Andere, das <strong>Unbekannte<\/strong> in Ver\u00e4nderungssituationen, sondern auch darum, wo wir herkommen, und um das <strong>Wissen<\/strong>, dass wir dar\u00fcber in unserer evolution\u00e4ren Entwicklung zusammengetragen haben.<\/p><p>Es geht darum, das <strong>Gesp\u00fcr<\/strong> f\u00fcr die unsichtbaren Verbindungen zwischen Menschen wieder zu beleben, uns ihrer <strong>eigenen Dynamik,<\/strong> der ihnen zugrunde liegenden eigenen Grammatik, ihrer DNA wieder bewusst zu werden, und dieser Gemeinsamkeit des Empfindens eine <strong>neue Qualit\u00e4t<\/strong> zu geben. Auch wenn das nicht auf den ersten Blick sichtbar ist. Sowie die Schwerkraft, die wir zwar nicht sehen k\u00f6nnen, aber st\u00e4ndig sp\u00fcren.<\/p><p><strong>Gatherings<\/strong>, ein intensives \u201azusammenkommen\u2018 beim Lagerfeuer und sich austauschen war und ist bei den Nomaden (<strong>Inuits<\/strong> in Gr\u00f6nland, <strong>Touareg<\/strong> im Sahara usw) eine wesentliche und unverzichtbare Kommunikationsform. Davon k\u00f6nnen wir lernen: <strong>Gespr\u00e4che f\u00fchren<\/strong> statt nur <strong>Meeting.<\/strong> Zueinander finden, den anderen in seiner Pers\u00f6nlichkeit wahrnehmen und annehmen zu k\u00f6nnen. <strong>Unser Gehirn mag das<\/strong>: als soziale Wesen haben wir ein starkes <strong>Bindungsbed\u00fcrfnis<\/strong>. Positive Erlebnisse im Team regen das <strong>Belohnungszentrum im Gehirn<\/strong> an.<\/p>\t\t\t\t\t\t\t\t<\/div>\n\t\t\t\t<\/div>\n\t\t\t\t<div class=\"elementor-element elementor-element-ec42a55 elementor-widget elementor-widget-spacer\" data-id=\"ec42a55\" data-element_type=\"widget\" data-e-type=\"widget\" data-widget_type=\"spacer.default\">\n\t\t\t\t<div class=\"elementor-widget-container\">\n\t\t\t\t\t\t\t<div class=\"elementor-spacer\">\n\t\t\t<div class=\"elementor-spacer-inner\"><\/div>\n\t\t<\/div>\n\t\t\t\t\t\t<\/div>\n\t\t\t\t<\/div>\n\t\t\t\t\t<\/div>\n\t\t<\/div>\n\t\t\t\t<div class=\"elementor-column elementor-col-33 elementor-top-column elementor-element elementor-element-aca8ae1\" data-id=\"aca8ae1\" data-element_type=\"column\" data-e-type=\"column\">\n\t\t\t<div class=\"elementor-widget-wrap\">\n\t\t\t\t\t\t\t<\/div>\n\t\t<\/div>\n\t\t\t\t\t<\/div>\n\t\t<\/section>\n\t\t\t\t<section class=\"elementor-section elementor-top-section elementor-element elementor-element-b10530f elementor-section-boxed elementor-section-height-default elementor-section-height-default\" data-id=\"b10530f\" data-element_type=\"section\" data-e-type=\"section\">\n\t\t\t\t\t\t<div class=\"elementor-container elementor-column-gap-default\">\n\t\t\t\t\t<div class=\"elementor-column elementor-col-33 elementor-top-column elementor-element elementor-element-b5ee387\" data-id=\"b5ee387\" data-element_type=\"column\" data-e-type=\"column\">\n\t\t\t<div class=\"elementor-widget-wrap\">\n\t\t\t\t\t\t\t<\/div>\n\t\t<\/div>\n\t\t\t\t<div class=\"elementor-column elementor-col-33 elementor-top-column elementor-element elementor-element-1df46d4\" data-id=\"1df46d4\" data-element_type=\"column\" data-e-type=\"column\">\n\t\t\t<div class=\"elementor-widget-wrap elementor-element-populated\">\n\t\t\t\t\t\t<div class=\"elementor-element elementor-element-a6a4ddb elementor-widget__width-initial elementor-widget elementor-widget-text-editor\" data-id=\"a6a4ddb\" data-element_type=\"widget\" data-e-type=\"widget\" data-widget_type=\"text-editor.default\">\n\t\t\t\t<div class=\"elementor-widget-container\">\n\t\t\t\t\t\t\t\t\t<p><strong>ROS (Return on Society) statt ROI (Return on Investment).<\/strong><\/p><p>Die <strong>Kgotla\u2019s<\/strong> in Botswana sind ein interessantes Beispiel: <img decoding=\"async\" class=\" wp-image-21663 alignright\" src=\"http:\/\/eco-international.eu\/wp-content\/uploads\/2016\/12\/kgotla-botswana-1024x468.jpg\" alt=\"\" width=\"365\" height=\"167\" srcset=\"https:\/\/eco-international.eu\/wp-content\/uploads\/2016\/12\/kgotla-botswana-1024x468.jpg 1024w, https:\/\/eco-international.eu\/wp-content\/uploads\/2016\/12\/kgotla-botswana-300x137.jpg 300w, https:\/\/eco-international.eu\/wp-content\/uploads\/2016\/12\/kgotla-botswana-768x351.jpg 768w, https:\/\/eco-international.eu\/wp-content\/uploads\/2016\/12\/kgotla-botswana.jpg 1134w\" sizes=\"(max-width: 365px) 100vw, 365px\" \/>Im \u00f6ffentlichen Meeting werden das Wissen und die Weisheit der Gruppe genutzt. Alle sitzen im Kreis, jeder darf sagen, was er zu sagen hat. Entscheidungen werden immer \u00fcber Konsens erzielt.<\/p><p><strong>Lagerfeuermeetings<\/strong> generieren Vertrauen. Und Vertrauen ist das wichtigste Bindemittel f\u00fcr High Potential Teams.<\/p>\t\t\t\t\t\t\t\t<\/div>\n\t\t\t\t<\/div>\n\t\t\t\t<div class=\"elementor-element elementor-element-2e7ca42 elementor-widget elementor-widget-spacer\" data-id=\"2e7ca42\" data-element_type=\"widget\" data-e-type=\"widget\" data-widget_type=\"spacer.default\">\n\t\t\t\t<div class=\"elementor-widget-container\">\n\t\t\t\t\t\t\t<div class=\"elementor-spacer\">\n\t\t\t<div class=\"elementor-spacer-inner\"><\/div>\n\t\t<\/div>\n\t\t\t\t\t\t<\/div>\n\t\t\t\t<\/div>\n\t\t\t\t\t<\/div>\n\t\t<\/div>\n\t\t\t\t<div class=\"elementor-column elementor-col-33 elementor-top-column elementor-element elementor-element-501949f\" data-id=\"501949f\" data-element_type=\"column\" data-e-type=\"column\">\n\t\t\t<div class=\"elementor-widget-wrap\">\n\t\t\t\t\t\t\t<\/div>\n\t\t<\/div>\n\t\t\t\t\t<\/div>\n\t\t<\/section>\n\t\t\t\t<section class=\"elementor-section elementor-top-section elementor-element elementor-element-3f1dcee elementor-section-boxed elementor-section-height-default elementor-section-height-default\" data-id=\"3f1dcee\" data-element_type=\"section\" data-e-type=\"section\">\n\t\t\t\t\t\t<div class=\"elementor-container elementor-column-gap-default\">\n\t\t\t\t\t<div class=\"elementor-column elementor-col-100 elementor-top-column elementor-element elementor-element-79d7ffb\" data-id=\"79d7ffb\" data-element_type=\"column\" data-e-type=\"column\">\n\t\t\t<div class=\"elementor-widget-wrap\">\n\t\t\t\t\t\t\t<\/div>\n\t\t<\/div>\n\t\t\t\t\t<\/div>\n\t\t<\/section>\n\t\t\t\t<section class=\"elementor-section elementor-top-section elementor-element elementor-element-5da6c87 elementor-section-full_width elementor-section-height-min-height elementor-section-items-stretch elementor-section-content-bottom elementor-section-height-default\" data-id=\"5da6c87\" data-element_type=\"section\" data-e-type=\"section\" data-settings=\"{&quot;background_background&quot;:&quot;classic&quot;}\">\n\t\t\t\t\t\t<div class=\"elementor-container elementor-column-gap-default\">\n\t\t\t\t\t<div class=\"elementor-column elementor-col-100 elementor-top-column elementor-element elementor-element-7551b330\" data-id=\"7551b330\" data-element_type=\"column\" data-e-type=\"column\">\n\t\t\t<div class=\"elementor-widget-wrap elementor-element-populated\">\n\t\t\t\t\t\t<div class=\"elementor-element elementor-element-465ceaae elementor-widget elementor-widget-heading\" data-id=\"465ceaae\" data-element_type=\"widget\" data-e-type=\"widget\" data-widget_type=\"heading.default\">\n\t\t\t\t<div class=\"elementor-widget-container\">\n\t\t\t\t\t<h2 class=\"elementor-heading-title elementor-size-default\">\u00a9 2024 ECO International<\/h2>\t\t\t\t<\/div>\n\t\t\t\t<\/div>\n\t\t\t\t\t<\/div>\n\t\t<\/div>\n\t\t\t\t\t<\/div>\n\t\t<\/section>\n\t\t\t\t<\/div>\n\t\t","protected":false},"excerpt":{"rendered":"<p>Wie w\u00e4re es mit einem Lagerfeuermeeting? Die wirkliche Entdeckungsreise besteht nicht darin, neue Landschaften zu erforschen, sondern darin, alles mit neuen Augen zu sehen Marcel Proust In unserer vernetzten Wissensgesellschaft ist kooperatives Arbeiten kein Soft Skill mehr, sondern alternativlos. Wir brauchen dringend Momente des Innehaltens, neue Formen des Austauschs, neue Formen des Positionierens jenseits von [&hellip;]<\/p>\n","protected":false},"author":1,"featured_media":0,"parent":0,"menu_order":0,"comment_status":"closed","ping_status":"closed","template":"","meta":{"footnotes":""},"class_list":["post-40033","page","type-page","status-publish","hentry"],"_links":{"self":[{"href":"https:\/\/eco-international.eu\/index.php?rest_route=\/wp\/v2\/pages\/40033","targetHints":{"allow":["GET"]}}],"collection":[{"href":"https:\/\/eco-international.eu\/index.php?rest_route=\/wp\/v2\/pages"}],"about":[{"href":"https:\/\/eco-international.eu\/index.php?rest_route=\/wp\/v2\/types\/page"}],"author":[{"embeddable":true,"href":"https:\/\/eco-international.eu\/index.php?rest_route=\/wp\/v2\/users\/1"}],"replies":[{"embeddable":true,"href":"https:\/\/eco-international.eu\/index.php?rest_route=%2Fwp%2Fv2%2Fcomments&post=40033"}],"version-history":[{"count":40,"href":"https:\/\/eco-international.eu\/index.php?rest_route=\/wp\/v2\/pages\/40033\/revisions"}],"predecessor-version":[{"id":40891,"href":"https:\/\/eco-international.eu\/index.php?rest_route=\/wp\/v2\/pages\/40033\/revisions\/40891"}],"wp:attachment":[{"href":"https:\/\/eco-international.eu\/index.php?rest_route=%2Fwp%2Fv2%2Fmedia&parent=40033"}],"curies":[{"name":"wp","href":"https:\/\/api.w.org\/{rel}","templated":true}]}}